{"id":1589,"date":"2018-02-14T14:30:49","date_gmt":"2018-02-14T13:30:49","guid":{"rendered":"http:\/\/rgp-architekten.de\/?page_id=1589"},"modified":"2018-03-08T13:12:23","modified_gmt":"2018-03-08T12:12:23","slug":"imprint","status":"publish","type":"page","link":"https:\/\/rgp-architekten.de\/en\/imprint\/","title":{"rendered":"Imprint"},"content":{"rendered":"<h2 class=\"p1\">Imprint<\/h2>\n<p>&nbsp;<\/p>\n<h3>Legal Disclosure<\/h3>\n<p class=\"p2\"><strong>rgp<\/strong> architekten<\/p>\n<p class=\"p2\">Dipl.-Ing. Univ. Architekt Ralph Gierlinger<br \/>\nResidenzstra\u00dfe 27 Preysing Palais<br \/>\nD-80333 M\u00fcnchen<\/p>\n<p>&nbsp;<\/p>\n<h3 class=\"p2\">Represented by<\/h3>\n<p class=\"p2\">Ralph Gierlinger<br \/>\nPreysing Palais<br \/>\nResidenzstra\u00dfe 27<br \/>\nD-80333 M\u00fcnchen<\/p>\n<p>&nbsp;<\/p>\n<h3 class=\"p2\">Contact<\/h3>\n<p class=\"p2\">Telephone:\u00a0+49 89 954 77 22 \u2013 30<br \/>\nE-Mail:\u00a0<a href=\"mailto:info@rgp-architekten.de\"><span class=\"s1\">info@rgp-architekten.de<\/span><\/a><br \/>\nWebsite:\u00a0<a href=\"http:\/\/www.rgp-architekten.de\/\"><span class=\"s1\">www.rgp-architekten.de<\/span><\/a><\/p>\n<p>&nbsp;<\/p>\n<h3 class=\"p2\">Concept, Design &amp; Development<\/h3>\n<p class=\"p2\">Eichmeister Kreativagentur<br \/>\nTal 34, 80331 M\u00fcnchen<br \/>\n<a href=\"http:\/\/www.eichmeister.de\/\" rel=\"noopener\"><span class=\"s2\">www.eichmeister.de<\/span><\/a><\/p>\n<p>&nbsp;<\/p>\n<h3 class=\"p2\">Disclaimer<\/h3>\n<p class=\"p2\">Accountability for content<br \/>\nThe contents of our pages have been created with the utmost care. However, we cannot guarantee the contents\u2019 accuracy, completeness or topicality. According to statutory provisions, we are furthermore responsible for our own content on these web pages. In this context, please note that we are accordingly not obliged to monitor merely the transmitted or saved information of third parties, or investigate circumstances pointing to illegal activity. Our obligations to remove or block the use of information under generally applicable laws remain unaffected by this as per \u00a7\u00a7 8 to 10 of the Telemedia Act (TMG).<\/p>\n<p class=\"p2\">Accountability for links<br \/>\nResponsibility for the content of external links (to web pages of third parties) lies solely with the operators of the linked pages. No violations were evident to us at the time of linking. Should any legal infringement become known to us, we will remove the respective link immediately.<\/p>\n<p>&nbsp;<\/p>\n<h3 class=\"p2\">Copyright<\/h3>\n<p class=\"p2\">Our web pages and their contents are subject to German copyright law. Unless expressly permitted by law (\u00a7 44a et seq. of the copyright law), every form of utilizing, reproducing or processing works subject to copyright protection on our web pages requires the prior consent of the respective owner of the rights. Individual reproductions of a work are allowed only for private use, so must not serve either directly or indirectly for earnings. Unauthorized utilization of copyrighted works is punishable (\u00a7 106 of the copyright law).<\/p>\n","protected":false},"excerpt":{"rendered":"<p>Imprint &nbsp; Legal Disclosure rgp architekten Dipl.-Ing. Univ. Architekt Ralph Gierlinger Residenzstra\u00dfe 27 Preysing Palais D-80333 M\u00fcnchen &nbsp; Represented by Ralph Gierlinger Preysing Palais Residenzstra\u00dfe 27 D-80333 M\u00fcnchen &nbsp; Contact Telephone:\u00a0+49 89 954 77 22 \u2013 30 E-Mail:\u00a0info@rgp-architekten.de Website:\u00a0www.rgp-architekten.de &nbsp; Concept, Design &amp; Development Eichmeister Kreativagentur Tal 34, 80331 M\u00fcnchen www.eichmeister.de &nbsp; Disclaimer Accountability for [&hellip;]<\/p>\n","protected":false},"author":1,"featured_media":0,"parent":0,"menu_order":0,"comment_status":"closed","ping_status":"closed","template":"","meta":{"_acf_changed":false,"footnotes":""},"class_list":["post-1589","page","type-page","status-publish","hentry"],"acf":[],"_links":{"self":[{"href":"https:\/\/rgp-architekten.de\/en\/wp-json\/wp\/v2\/pages\/1589","targetHints":{"allow":["GET"]}}],"collection":[{"href":"https:\/\/rgp-architekten.de\/en\/wp-json\/wp\/v2\/pages"}],"about":[{"href":"https:\/\/rgp-architekten.de\/en\/wp-json\/wp\/v2\/types\/page"}],"author":[{"embeddable":true,"href":"https:\/\/rgp-architekten.de\/en\/wp-json\/wp\/v2\/users\/1"}],"replies":[{"embeddable":true,"href":"https:\/\/rgp-architekten.de\/en\/wp-json\/wp\/v2\/comments?post=1589"}],"version-history":[{"count":18,"href":"https:\/\/rgp-architekten.de\/en\/wp-json\/wp\/v2\/pages\/1589\/revisions"}],"predecessor-version":[{"id":1869,"href":"https:\/\/rgp-architekten.de\/en\/wp-json\/wp\/v2\/pages\/1589\/revisions\/1869"}],"wp:attachment":[{"href":"https:\/\/rgp-architekten.de\/en\/wp-json\/wp\/v2\/media?parent=1589"}],"curies":[{"name":"wp","href":"https:\/\/api.w.org\/{rel}","templated":true}]}}